{"id":1782,"date":"2021-11-30T07:36:04","date_gmt":"2021-11-30T06:36:04","guid":{"rendered":"https:\/\/www.topicsconseil.com\/mentions-legales\/"},"modified":"2026-04-01T10:49:11","modified_gmt":"2026-04-01T08:49:11","slug":"mentions-legales","status":"publish","type":"page","link":"https:\/\/www.topicsconseil.com\/en\/mentions-legales\/","title":{"rendered":"Mentions l\u00e9gales"},"content":{"rendered":"<div class=\"col-lg-7 text-left text-lg-center mx-auto\">\n<h3 class=\"small red\">Mentions l\u00e9gales<\/h3>\n<h1>Torquatos nostros quos dolores et<\/h1>\n<\/div>\n<p style=\"text-align: center;\">Informations g\u00e9n\u00e9rales, droits d&#8217;auteur, protection de vos donn\u00e9es personnelles ou encore r\u00e9clamation, toutes nos r\u00e9ponses sont sur cette page.<\/p>\n<p>&nbsp;<\/p>\n<section class=\"section section--separator\">\n<div class=\"container\">\n<div class=\"row\">\n<div class=\"col-12\">\n<h2 class=\"section__title\">Le fournisseur de service<\/h2>\n<p>SIACI SAINT HONORE \u2013 Si\u00e8ge social : Season, 39 rue Mstislav Rostropovitch \u2013 75815 Paris Cedex 17 \u2013 T\u00e9l. : +33 (0)1 4420 9999 \u2013 Fax : +33 (0)1 4420 9500 \u2013 Courtier d\u2019assurance ou de r\u00e9assurance, conseiller en investissement financier \u2013 N\u00b0 d\u2019immatriculation ORIAS 07 000 771 \u2013 Soci\u00e9t\u00e9 par actions simplifi\u00e9e au capital de 76 884 940 euros \u2013 572 059 939 RCS Paris \u2013 APE 6622 Z \u2013 N\u00b0de TVA Intracommunautaire : FR 54 572 059 939 Exerce sous le contr\u00f4le de l\u2019ACPR (Autorit\u00e9 de Contr\u00f4le Prudentiel et de R\u00e9solution)<\/p>\n<p><strong>Contact<\/strong><\/p>\n<p>Directeur de la publication :<br \/>\nThierry VACHIER, Directeur G\u00e9n\u00e9ral SIACI SAINT HONORE.<\/p>\n<p><strong>H\u00e9bergement :<\/strong><br \/>\nKinsta Ltd<br \/>\nUnit 22 Bulrushes Business Park, Coombe Hill Road, East Grinstead, United Kingdom, RH19 4LZ <strong><br \/>\n<\/strong><\/p>\n<div class=\"section__cta\"><\/div>\n<\/div>\n<\/div>\n<\/div>\n<\/section>\n<section class=\"section \">\n<div class=\"container\">\n<div class=\"row\">\n<div class=\"col-12\">\n<h2 class=\"section__title\">Droits d\u2019auteur &#8211; copyright<\/h2>\n<p>\u00a9SIACI SAINT HONORE 2021. Tous les \u00e9l\u00e9ments de toute nature (images fixes, images anim\u00e9es, bases de donn\u00e9es, marques, illustrations, logos, dessins, mod\u00e8les, mise en page, documents t\u00e9l\u00e9chargeables) contenus dans ce site sont prot\u00e9g\u00e9s en tant qu\u2019\u0153uvre de l\u2019esprit par la l\u00e9gislation fran\u00e7aise et internationale sur le droit d\u2019auteur et la propri\u00e9t\u00e9 intellectuelle. Ces \u00e9l\u00e9ments restent la propri\u00e9t\u00e9 exclusive de SIACI SAINT HONORE, sauf mentions particuli\u00e8res. A ce titre, sauf autorisation pr\u00e9alable et \u00e9crite, toute reproduction, repr\u00e9sentation, adaptation, modification partielle ou int\u00e9grale de tout \u00e9l\u00e9ment composant le site, par quelque moyen que ce soit, est interdite sous peine de poursuite judiciaire. Les marques et logos reproduits sur notre site internet sont d\u00e9pos\u00e9s. Toute reproduction, r\u00e9\u00e9dition ou redistribution totale ou partielle des marques ou logos, par quelque moyen que ce soit, sans autorisation pr\u00e9alable et \u00e9crite est interdite, au sens de l\u2019article L.713-2 du Code de la propri\u00e9t\u00e9 intellectuelle.<\/p>\n<div class=\"section__cta\"><\/div>\n<\/div>\n<\/div>\n<\/div>\n<\/section>\n<section class=\"section \">\n<div class=\"container\">\n<div class=\"row\">\n<div class=\"col-12\">\n<h2 class=\"section__title\">Loi applicable<\/h2>\n<p>Le pr\u00e9sent site est r\u00e9gi par la loi fran\u00e7aise. Comp\u00e9tence est donn\u00e9e aux tribunaux fran\u00e7ais pour tout r\u00e8glement de litige.<\/p>\n<div class=\"section__cta\"><\/div>\n<\/div>\n<\/div>\n<\/div>\n<\/section>\n<section class=\"section \">\n<div class=\"container\">\n<div class=\"row\">\n<div class=\"col-12\">\n<h2 class=\"section__title\">Responsabilit\u00e9<\/h2>\n<p>Les informations contenues dans ce site n\u2019ont aucune valeur contractuelle et peuvent \u00eatre modifi\u00e9es \u00e0 tout moment par SIACI SAINT HONORE. SIACI SAINT HONORE ne saurait garantir l\u2019exactitude des informations contenues dans ce site ; en aucun cas la responsabilit\u00e9 de la soci\u00e9t\u00e9 SIACI SAINT HONORE ne pourra \u00eatre mise en cause du fait de l\u2019utilisation des informations diffus\u00e9es ce site ou de l\u2019absence d\u2019informations sp\u00e9cifiques.<\/p>\n<div class=\"section__cta\"><\/div>\n<\/div>\n<\/div>\n<\/div>\n<\/section>\n<section class=\"section \">\n<div class=\"container\">\n<div class=\"row\">\n<div class=\"col-12\">\n<h2 class=\"section__title\">Protection des donn\u00e9es personnelles<\/h2>\n<p>SIACI SAINT HONORE situ\u00e9 \u00e0 Season, 39 rue Mstislav Rostropovitch 75815 Paris cedex 17. met en \u0153uvre un traitement de donn\u00e9es \u00e0 caract\u00e8re personnel n\u00e9cessaire \u00e0 votre identification formelle pour acc\u00e9der \u00e0 un espace s\u00e9curis\u00e9, \u00e0 l\u2019\u00e9mission d\u2019une offre d\u2019assurance ou d\u2019un contrat, sa gestion et son suivi et \u00e0 la r\u00e9alisation des diligences r\u00e9glementaires en mati\u00e8re de lutte contre le blanchiment et de financement du terrorisme. A cet \u00e9gard, les donn\u00e9es collect\u00e9es sont toutes obligatoires. Les destinataires de vos donn\u00e9es \u00e0 caract\u00e8re personnel sont : l\u2019assureur porteur de risques, les diff\u00e9rentes entit\u00e9s composant SIACI SAINT HONORE, et les prestataires participant \u00e0 la gestion du contrat d\u2019assurance. Vos donn\u00e9es \u00e0 caract\u00e8re personnel seront conserv\u00e9es pendant toute la dur\u00e9e n\u00e9cessaire au service de gestion telle que prescrite par les lois applicables en la mati\u00e8re.<br \/>\nVous disposez \u00e0 tout moment d\u2019un droit d\u2019acc\u00e8s, de rectification, ou d\u2019effacement ou de limitation ou d\u2019opposition et de portabilit\u00e9 de vos donn\u00e9es \u00e0 caract\u00e8re personnel ainsi que du droit d\u2019organiser des directives apr\u00e8s votre mort. Pour l\u2019exercice de vos droits veuillez \u00e9crire \u00e0 l\u2019adresse\u00a0<a href=\"mailto:dpo@s2hgroup.com\">dpo@s2hgroup.com<\/a>.<\/p>\n<p>Vous disposez du droit d\u2019introduire une r\u00e9clamation aupr\u00e8s d\u2019une autorit\u00e9 de contr\u00f4le en charge de la protection des donn\u00e9es personnelles. Le D\u00e9l\u00e9gu\u00e9 \u00e0 la Protection des Donn\u00e9es de SIACI SAINT HONORE peut \u00eatre contact\u00e9 par email \u00e0 l\u2019adresse\u00a0<a href=\"mailto:dpo@s2hgroup.com\">dpo@s2hgroup.com<\/a>, ou par courrier \u00e0 l\u2019adresse Season, 39 rue Mstislav Rostropovitch 75815 Paris cedex 17.<\/p>\n<p>Vous pouvez acc\u00e9der \u00e0 notre Politique de Protection des Donn\u00e9es \u00e0 Caract\u00e8re Personnel dans son int\u00e9gralit\u00e9 en cliquant\u00a0<a href=\"https:\/\/www.s2hgroup.com\/uploads\/ckfinder\/Politique-de-Protection-des-Donnes-S2H-FR-V2.3-EN.pdf\">ICI<\/a>.<\/p>\n<div class=\"section__cta\"><\/div>\n<\/div>\n<\/div>\n<\/div>\n<\/section>\n<section class=\"section \">\n<div class=\"container\">\n<div class=\"row\">\n<div class=\"col-12\">\n<h2 class=\"section__title\">Traitement des r\u00e9clamations<\/h2>\n<p>Pour tout m\u00e9contentement, votre interlocuteur habituel est \u00e0 votre disposition.<br \/>\nVous pouvez \u00e9galement solliciter le Service r\u00e9clamation, au 23, all\u00e9es de l\u2019Europe, 92584 Clichy Cedex, France.<br \/>\nDans ce cas, nous nous engageons \u00e0 vous apporter une r\u00e9ponse sous deux mois maximum \u00e0 compter de la r\u00e9ception de la totalit\u00e9 des \u00e9l\u00e9ments de votre r\u00e9clamation ou, \u00e0 d\u00e9faut, de vous tenir inform\u00e9 du d\u00e9roulement de son traitement.<br \/>\nSi vous restez en d\u00e9saccord avec la r\u00e9ponse ou solution apport\u00e9e, vous pouvez saisir la M\u00e9diation de l\u2019Assurance en dernier recours :<\/p>\n<ul>\n<li>par courrier : La M\u00e9diation de l\u2019Assurance, P\u00f4le PLANETE CSCA, TSA 50110, 75441 PARIS CEDEX 09<\/li>\n<li>en ligne : <a href=\"https:\/\/www.mediation-assurance.org\/Saisir+le+mediateur\">https:\/\/www.mediation-assurance.org\/Saisir+le+mediateur<\/a><\/li>\n<li>par email : <a href=\"http:\/\/le.mediateur@mediation-assurance.org\/\">le.mediateur@mediation-assurance.org<\/a><\/li>\n<\/ul>\n<\/div>\n<\/div>\n<\/div>\n<\/section>\n","protected":false},"excerpt":{"rendered":"<p>Mentions l\u00e9gales Torquatos nostros quos dolores et Informations g\u00e9n\u00e9rales, droits d&#8217;auteur, protection de vos donn\u00e9es personnelles ou encore r\u00e9clamation, toutes nos r\u00e9ponses sont sur cette page. &nbsp; Le fournisseur de service SIACI SAINT HONORE \u2013 Si\u00e8ge social : Season, 39 rue Mstislav Rostropovitch \u2013 75815 Paris Cedex 17 \u2013 T\u00e9l. : +33 (0)1 4420 9999 [&hellip;]<\/p>\n","protected":false},"author":1,"featured_media":0,"parent":0,"menu_order":0,"comment_status":"closed","ping_status":"closed","template":"template-mention.php","meta":{"inline_featured_image":false,"footnotes":""},"class_list":["post-1782","page","type-page","status-publish","hentry"],"yoast_head":"<!-- This site is optimized with the Yoast SEO plugin v27.4 - https:\/\/yoast.com\/product\/yoast-seo-wordpress\/ -->\n<title>Mentions l\u00e9gales - topics<\/title>\n<meta name=\"description\" content=\"Retrouvez l&#039;ensemble des mentions l\u00e9gales concernant les informations g\u00e9n\u00e9rales, droits d\u2019auteur, protection de vos donn\u00e9es personnelles ou encore les r\u00e9clamations.\" \/>\n<meta name=\"robots\" content=\"index, follow, max-snippet:-1, max-image-preview:large, max-video-preview:-1\" \/>\n<link rel=\"canonical\" href=\"https:\/\/www.topicsconseil.com\/en\/mentions-legales\/\" \/>\n<meta property=\"og:locale\" content=\"en_US\" \/>\n<meta property=\"og:type\" content=\"article\" \/>\n<meta property=\"og:title\" content=\"Mentions l\u00e9gales - topics\" \/>\n<meta property=\"og:description\" content=\"Retrouvez l&#039;ensemble des mentions l\u00e9gales concernant les informations g\u00e9n\u00e9rales, droits d\u2019auteur, protection de vos donn\u00e9es personnelles ou encore les r\u00e9clamations.\" \/>\n<meta property=\"og:url\" content=\"https:\/\/www.topicsconseil.com\/en\/mentions-legales\/\" \/>\n<meta property=\"og:site_name\" content=\"Topics Conseil\" \/>\n<meta property=\"article:modified_time\" content=\"2026-04-01T08:49:11+00:00\" \/>\n<meta name=\"twitter:card\" content=\"summary_large_image\" \/>\n<meta name=\"twitter:label1\" content=\"Est. reading time\" \/>\n\t<meta name=\"twitter:data1\" content=\"4 minutes\" \/>\n<script type=\"application\/ld+json\" class=\"yoast-schema-graph\">{\"@context\":\"https:\\\/\\\/schema.org\",\"@graph\":[{\"@type\":\"WebPage\",\"@id\":\"https:\\\/\\\/www.topicsconseil.com\\\/en\\\/mentions-legales\\\/\",\"url\":\"https:\\\/\\\/www.topicsconseil.com\\\/en\\\/mentions-legales\\\/\",\"name\":\"Mentions l\u00e9gales - topics\",\"isPartOf\":{\"@id\":\"https:\\\/\\\/www.topicsconseil.com\\\/en\\\/#website\"},\"datePublished\":\"2021-11-30T06:36:04+00:00\",\"dateModified\":\"2026-04-01T08:49:11+00:00\",\"description\":\"Retrouvez l'ensemble des mentions l\u00e9gales concernant les informations g\u00e9n\u00e9rales, droits d\u2019auteur, protection de vos donn\u00e9es personnelles ou encore les r\u00e9clamations.\",\"breadcrumb\":{\"@id\":\"https:\\\/\\\/www.topicsconseil.com\\\/en\\\/mentions-legales\\\/#breadcrumb\"},\"inLanguage\":\"en-US\",\"potentialAction\":[{\"@type\":\"ReadAction\",\"target\":[\"https:\\\/\\\/www.topicsconseil.com\\\/en\\\/mentions-legales\\\/\"]}]},{\"@type\":\"BreadcrumbList\",\"@id\":\"https:\\\/\\\/www.topicsconseil.com\\\/en\\\/mentions-legales\\\/#breadcrumb\",\"itemListElement\":[{\"@type\":\"ListItem\",\"position\":1,\"name\":\"Home\",\"item\":\"https:\\\/\\\/www.topicsconseil.com\\\/en\\\/\"},{\"@type\":\"ListItem\",\"position\":2,\"name\":\"Mentions l\u00e9gales\"}]},{\"@type\":\"WebSite\",\"@id\":\"https:\\\/\\\/www.topicsconseil.com\\\/en\\\/#website\",\"url\":\"https:\\\/\\\/www.topicsconseil.com\\\/en\\\/\",\"name\":\"Topics Conseil\",\"description\":\"\",\"potentialAction\":[{\"@type\":\"SearchAction\",\"target\":{\"@type\":\"EntryPoint\",\"urlTemplate\":\"https:\\\/\\\/www.topicsconseil.com\\\/en\\\/?s={search_term_string}\"},\"query-input\":{\"@type\":\"PropertyValueSpecification\",\"valueRequired\":true,\"valueName\":\"search_term_string\"}}],\"inLanguage\":\"en-US\"}]}<\/script>\n<!-- \/ Yoast SEO plugin. -->","yoast_head_json":{"title":"Mentions l\u00e9gales - topics","description":"Retrouvez l'ensemble des mentions l\u00e9gales concernant les informations g\u00e9n\u00e9rales, droits d\u2019auteur, protection de vos donn\u00e9es personnelles ou encore les r\u00e9clamations.","robots":{"index":"index","follow":"follow","max-snippet":"max-snippet:-1","max-image-preview":"max-image-preview:large","max-video-preview":"max-video-preview:-1"},"canonical":"https:\/\/www.topicsconseil.com\/en\/mentions-legales\/","og_locale":"en_US","og_type":"article","og_title":"Mentions l\u00e9gales - topics","og_description":"Retrouvez l'ensemble des mentions l\u00e9gales concernant les informations g\u00e9n\u00e9rales, droits d\u2019auteur, protection de vos donn\u00e9es personnelles ou encore les r\u00e9clamations.","og_url":"https:\/\/www.topicsconseil.com\/en\/mentions-legales\/","og_site_name":"Topics Conseil","article_modified_time":"2026-04-01T08:49:11+00:00","twitter_card":"summary_large_image","twitter_misc":{"Est. reading time":"4 minutes"},"schema":{"@context":"https:\/\/schema.org","@graph":[{"@type":"WebPage","@id":"https:\/\/www.topicsconseil.com\/en\/mentions-legales\/","url":"https:\/\/www.topicsconseil.com\/en\/mentions-legales\/","name":"Mentions l\u00e9gales - topics","isPartOf":{"@id":"https:\/\/www.topicsconseil.com\/en\/#website"},"datePublished":"2021-11-30T06:36:04+00:00","dateModified":"2026-04-01T08:49:11+00:00","description":"Retrouvez l'ensemble des mentions l\u00e9gales concernant les informations g\u00e9n\u00e9rales, droits d\u2019auteur, protection de vos donn\u00e9es personnelles ou encore les r\u00e9clamations.","breadcrumb":{"@id":"https:\/\/www.topicsconseil.com\/en\/mentions-legales\/#breadcrumb"},"inLanguage":"en-US","potentialAction":[{"@type":"ReadAction","target":["https:\/\/www.topicsconseil.com\/en\/mentions-legales\/"]}]},{"@type":"BreadcrumbList","@id":"https:\/\/www.topicsconseil.com\/en\/mentions-legales\/#breadcrumb","itemListElement":[{"@type":"ListItem","position":1,"name":"Home","item":"https:\/\/www.topicsconseil.com\/en\/"},{"@type":"ListItem","position":2,"name":"Mentions l\u00e9gales"}]},{"@type":"WebSite","@id":"https:\/\/www.topicsconseil.com\/en\/#website","url":"https:\/\/www.topicsconseil.com\/en\/","name":"Topics Conseil","description":"","potentialAction":[{"@type":"SearchAction","target":{"@type":"EntryPoint","urlTemplate":"https:\/\/www.topicsconseil.com\/en\/?s={search_term_string}"},"query-input":{"@type":"PropertyValueSpecification","valueRequired":true,"valueName":"search_term_string"}}],"inLanguage":"en-US"}]}},"_links":{"self":[{"href":"https:\/\/www.topicsconseil.com\/en\/wp-json\/wp\/v2\/pages\/1782","targetHints":{"allow":["GET"]}}],"collection":[{"href":"https:\/\/www.topicsconseil.com\/en\/wp-json\/wp\/v2\/pages"}],"about":[{"href":"https:\/\/www.topicsconseil.com\/en\/wp-json\/wp\/v2\/types\/page"}],"author":[{"embeddable":true,"href":"https:\/\/www.topicsconseil.com\/en\/wp-json\/wp\/v2\/users\/1"}],"replies":[{"embeddable":true,"href":"https:\/\/www.topicsconseil.com\/en\/wp-json\/wp\/v2\/comments?post=1782"}],"version-history":[{"count":3,"href":"https:\/\/www.topicsconseil.com\/en\/wp-json\/wp\/v2\/pages\/1782\/revisions"}],"predecessor-version":[{"id":3226,"href":"https:\/\/www.topicsconseil.com\/en\/wp-json\/wp\/v2\/pages\/1782\/revisions\/3226"}],"wp:attachment":[{"href":"https:\/\/www.topicsconseil.com\/en\/wp-json\/wp\/v2\/media?parent=1782"}],"curies":[{"name":"wp","href":"https:\/\/api.w.org\/{rel}","templated":true}]}}