{"id":1784,"date":"2021-11-17T07:53:39","date_gmt":"2021-11-17T06:53:39","guid":{"rendered":"https:\/\/www.topicsconseil.com\/nos-experts-en-transformation\/"},"modified":"2022-06-24T11:08:21","modified_gmt":"2022-06-24T09:08:21","slug":"nos-experts-en-transformation","status":"publish","type":"page","link":"https:\/\/www.topicsconseil.com\/en\/nos-experts-en-transformation\/","title":{"rendered":"Team"},"content":{"rendered":"","protected":false},"excerpt":{"rendered":"","protected":false},"author":1,"featured_media":0,"parent":0,"menu_order":0,"comment_status":"closed","ping_status":"closed","template":"template-team.php","meta":{"inline_featured_image":false,"footnotes":""},"class_list":["post-1784","page","type-page","status-publish","hentry"],"yoast_head":"<!-- This site is optimized with the Yoast SEO plugin v27.4 - https:\/\/yoast.com\/product\/yoast-seo-wordpress\/ -->\n<title>Nos experts en transformation - topics<\/title>\n<meta name=\"description\" content=\"Au sein de topics, une communaut\u00e9 d\u2019experts reconnus, issus de grandes entreprises, ayant d\u00e9j\u00e0 conduit avec succ\u00e8s des transformations complexes.\" \/>\n<meta name=\"robots\" content=\"index, follow, max-snippet:-1, max-image-preview:large, max-video-preview:-1\" \/>\n<link rel=\"canonical\" href=\"https:\/\/www.topicsconseil.com\/en\/nos-experts-en-transformation\/\" \/>\n<meta property=\"og:locale\" content=\"en_US\" \/>\n<meta property=\"og:type\" content=\"article\" \/>\n<meta property=\"og:title\" content=\"Nos experts en transformation - topics\" \/>\n<meta property=\"og:description\" content=\"Au sein de topics, une communaut\u00e9 d\u2019experts reconnus, issus de grandes entreprises, ayant d\u00e9j\u00e0 conduit avec succ\u00e8s des transformations complexes.\" \/>\n<meta property=\"og:url\" content=\"https:\/\/www.topicsconseil.com\/en\/nos-experts-en-transformation\/\" \/>\n<meta property=\"og:site_name\" content=\"Topics Conseil\" \/>\n<meta property=\"article:modified_time\" content=\"2022-06-24T09:08:21+00:00\" \/>\n<meta name=\"twitter:card\" content=\"summary_large_image\" \/>\n<script type=\"application\/ld+json\" class=\"yoast-schema-graph\">{\"@context\":\"https:\\\/\\\/schema.org\",\"@graph\":[{\"@type\":\"WebPage\",\"@id\":\"https:\\\/\\\/www.topicsconseil.com\\\/en\\\/nos-experts-en-transformation\\\/\",\"url\":\"https:\\\/\\\/www.topicsconseil.com\\\/en\\\/nos-experts-en-transformation\\\/\",\"name\":\"Nos experts en transformation - topics\",\"isPartOf\":{\"@id\":\"https:\\\/\\\/www.topicsconseil.com\\\/en\\\/#website\"},\"datePublished\":\"2021-11-17T06:53:39+00:00\",\"dateModified\":\"2022-06-24T09:08:21+00:00\",\"description\":\"Au sein de topics, une communaut\u00e9 d\u2019experts reconnus, issus de grandes entreprises, ayant d\u00e9j\u00e0 conduit avec succ\u00e8s des transformations complexes.\",\"breadcrumb\":{\"@id\":\"https:\\\/\\\/www.topicsconseil.com\\\/en\\\/nos-experts-en-transformation\\\/#breadcrumb\"},\"inLanguage\":\"en-US\",\"potentialAction\":[{\"@type\":\"ReadAction\",\"target\":[\"https:\\\/\\\/www.topicsconseil.com\\\/en\\\/nos-experts-en-transformation\\\/\"]}]},{\"@type\":\"BreadcrumbList\",\"@id\":\"https:\\\/\\\/www.topicsconseil.com\\\/en\\\/nos-experts-en-transformation\\\/#breadcrumb\",\"itemListElement\":[{\"@type\":\"ListItem\",\"position\":1,\"name\":\"Home\",\"item\":\"https:\\\/\\\/www.topicsconseil.com\\\/en\\\/\"},{\"@type\":\"ListItem\",\"position\":2,\"name\":\"Team\"}]},{\"@type\":\"WebSite\",\"@id\":\"https:\\\/\\\/www.topicsconseil.com\\\/en\\\/#website\",\"url\":\"https:\\\/\\\/www.topicsconseil.com\\\/en\\\/\",\"name\":\"Topics Conseil\",\"description\":\"\",\"potentialAction\":[{\"@type\":\"SearchAction\",\"target\":{\"@type\":\"EntryPoint\",\"urlTemplate\":\"https:\\\/\\\/www.topicsconseil.com\\\/en\\\/?s={search_term_string}\"},\"query-input\":{\"@type\":\"PropertyValueSpecification\",\"valueRequired\":true,\"valueName\":\"search_term_string\"}}],\"inLanguage\":\"en-US\"}]}<\/script>\n<!-- \/ Yoast SEO plugin. -->","yoast_head_json":{"title":"Nos experts en transformation - topics","description":"Au sein de topics, une communaut\u00e9 d\u2019experts reconnus, issus de grandes entreprises, ayant d\u00e9j\u00e0 conduit avec succ\u00e8s des transformations complexes.","robots":{"index":"index","follow":"follow","max-snippet":"max-snippet:-1","max-image-preview":"max-image-preview:large","max-video-preview":"max-video-preview:-1"},"canonical":"https:\/\/www.topicsconseil.com\/en\/nos-experts-en-transformation\/","og_locale":"en_US","og_type":"article","og_title":"Nos experts en transformation - topics","og_description":"Au sein de topics, une communaut\u00e9 d\u2019experts reconnus, issus de grandes entreprises, ayant d\u00e9j\u00e0 conduit avec succ\u00e8s des transformations complexes.","og_url":"https:\/\/www.topicsconseil.com\/en\/nos-experts-en-transformation\/","og_site_name":"Topics Conseil","article_modified_time":"2022-06-24T09:08:21+00:00","twitter_card":"summary_large_image","schema":{"@context":"https:\/\/schema.org","@graph":[{"@type":"WebPage","@id":"https:\/\/www.topicsconseil.com\/en\/nos-experts-en-transformation\/","url":"https:\/\/www.topicsconseil.com\/en\/nos-experts-en-transformation\/","name":"Nos experts en transformation - topics","isPartOf":{"@id":"https:\/\/www.topicsconseil.com\/en\/#website"},"datePublished":"2021-11-17T06:53:39+00:00","dateModified":"2022-06-24T09:08:21+00:00","description":"Au sein de topics, une communaut\u00e9 d\u2019experts reconnus, issus de grandes entreprises, ayant d\u00e9j\u00e0 conduit avec succ\u00e8s des transformations complexes.","breadcrumb":{"@id":"https:\/\/www.topicsconseil.com\/en\/nos-experts-en-transformation\/#breadcrumb"},"inLanguage":"en-US","potentialAction":[{"@type":"ReadAction","target":["https:\/\/www.topicsconseil.com\/en\/nos-experts-en-transformation\/"]}]},{"@type":"BreadcrumbList","@id":"https:\/\/www.topicsconseil.com\/en\/nos-experts-en-transformation\/#breadcrumb","itemListElement":[{"@type":"ListItem","position":1,"name":"Home","item":"https:\/\/www.topicsconseil.com\/en\/"},{"@type":"ListItem","position":2,"name":"Team"}]},{"@type":"WebSite","@id":"https:\/\/www.topicsconseil.com\/en\/#website","url":"https:\/\/www.topicsconseil.com\/en\/","name":"Topics Conseil","description":"","potentialAction":[{"@type":"SearchAction","target":{"@type":"EntryPoint","urlTemplate":"https:\/\/www.topicsconseil.com\/en\/?s={search_term_string}"},"query-input":{"@type":"PropertyValueSpecification","valueRequired":true,"valueName":"search_term_string"}}],"inLanguage":"en-US"}]}},"_links":{"self":[{"href":"https:\/\/www.topicsconseil.com\/en\/wp-json\/wp\/v2\/pages\/1784","targetHints":{"allow":["GET"]}}],"collection":[{"href":"https:\/\/www.topicsconseil.com\/en\/wp-json\/wp\/v2\/pages"}],"about":[{"href":"https:\/\/www.topicsconseil.com\/en\/wp-json\/wp\/v2\/types\/page"}],"author":[{"embeddable":true,"href":"https:\/\/www.topicsconseil.com\/en\/wp-json\/wp\/v2\/users\/1"}],"replies":[{"embeddable":true,"href":"https:\/\/www.topicsconseil.com\/en\/wp-json\/wp\/v2\/comments?post=1784"}],"version-history":[{"count":1,"href":"https:\/\/www.topicsconseil.com\/en\/wp-json\/wp\/v2\/pages\/1784\/revisions"}],"predecessor-version":[{"id":1785,"href":"https:\/\/www.topicsconseil.com\/en\/wp-json\/wp\/v2\/pages\/1784\/revisions\/1785"}],"wp:attachment":[{"href":"https:\/\/www.topicsconseil.com\/en\/wp-json\/wp\/v2\/media?parent=1784"}],"curies":[{"name":"wp","href":"https:\/\/api.w.org\/{rel}","templated":true}]}}